{"id":3492,"date":"2022-01-12T12:17:14","date_gmt":"2022-01-12T11:17:14","guid":{"rendered":"http:\/\/filmsbq.cluster031.hosting.ovh.net\/?page_id=3492"},"modified":"2023-06-19T18:45:24","modified_gmt":"2023-06-19T16:45:24","slug":"films-institutionnels","status":"publish","type":"page","link":"https:\/\/films.bzh\/index.php\/films-institutionnels\/","title":{"rendered":"Films institutionnels"},"content":{"rendered":"<p>[vc_row full_width=&#8221;stretch_row_content_no_spaces&#8221; css=&#8221;.vc_custom_1534302883914{padding-bottom: 8% !important;}&#8221;][vc_column][vc_row_inner][vc_column_inner]  \n        <div class=\" \">\n                <div class=\"video-shortcode-wrapper grid \">\n        <div class=\"video-content\">\n                       <!--  <ul data-option-key=\"filter\" class=\"video-filter style_1 align_center\">\n                <li>\n                    <a class=\"\"\n                        href=\"javascript:;\" \n                        data-option-value=\"*\"\n                    >All<\/a>\n                <\/li>\n                                <li>\n                    <a class=\"\"\n                        href=\"javascript:;\" \n                        data-option-value =\".films-institutionnels\"\n                    >Films institutionnels<\/a>\n                <\/li>\n                            <\/ul> -->\n                        <ul data-option-key=\"filter\" class=\"video-filter style_1 align_center\"><li><a class=\"\" href=\";\" data-option-value=\"*\">All<\/a><\/li><li class=\"hide\"><a href=\"#\" data-option-value=\".arts-et-spectacles\" title=\"Arts et spectacles\">Arts et spectacles<\/a><\/li><li class=\"hide\"><a href=\"#\" data-option-value=\".films-dateliers\" title=\"Films d&#039;ateliers\">Films d&#039;ateliers<\/a><\/li><li><a href=\"#\" data-option-value=\".films-institutionnels\" title=\"Films institutionnels\">Films institutionnels<\/a><\/li><li class=\"hide\"><a href=\"#\" data-option-value=\".films-persos\" title=\"Films personnels\">Films personnels<\/a><\/li><li class=\"hide\"><a href=\"#\" data-option-value=\".making-of-teasers\" title=\"Making of - Teasers\">Making of - Teasers<\/a><\/li><li class=\"hide\"><a href=\"#\" data-option-value=\".portraits\" title=\"Portraits\">Portraits<\/a><\/li><\/ul>\n            <div class=\"video-list columns-3 style_1\">\n                                    <div class=\"video-item style_1 films-institutionnels \" onclick=\"void(0)\">\n    <div class=\"video-image\">\n        <img loading=\"lazy\" decoding=\"async\" width=\"1920\" height=\"1080\" src=\"https:\/\/films.bzh\/wp-content\/uploads\/2025\/03\/Photo-numero-1.jpg\" class=\"attachment-post-thumbnail size-post-thumbnail wp-post-image\" alt=\"\" srcset=\"https:\/\/films.bzh\/wp-content\/uploads\/2025\/03\/Photo-numero-1.jpg 1920w, https:\/\/films.bzh\/wp-content\/uploads\/2025\/03\/Photo-numero-1-300x169.jpg 300w, https:\/\/films.bzh\/wp-content\/uploads\/2025\/03\/Photo-numero-1-1024x576.jpg 1024w, https:\/\/films.bzh\/wp-content\/uploads\/2025\/03\/Photo-numero-1-768x432.jpg 768w, https:\/\/films.bzh\/wp-content\/uploads\/2025\/03\/Photo-numero-1-1536x864.jpg 1536w\" sizes=\"auto, (max-width: 1920px) 100vw, 1920px\" \/>                    <div class=\"video-icon\">\n                <a href=\"javascript:;\" class=\"view-video-button\" data-id=\"4153\" data-player=\"none\" data-server=\"vimeo\"><\/a>\n            <\/div>\n                <div class=\"video-meta\">\n            <h3 class=\"video-title\"><a href=\"https:\/\/films.bzh\/index.php\/video\/numerologie\/\">Num\u00e9rologie<\/a><\/h3>\n           \n            <div class=\"video-category\">\/ \n             Films institutionnels              <\/div>  \n           \n        <\/div>\n    <\/div>\n<\/div>                                    <div class=\"video-item style_1 films-institutionnels \" onclick=\"void(0)\">\n    <div class=\"video-image\">\n        <img loading=\"lazy\" decoding=\"async\" width=\"3456\" height=\"1938\" src=\"https:\/\/films.bzh\/wp-content\/uploads\/2023\/06\/Capture-decran-2023-06-19-a-18.38.37.png\" class=\"attachment-post-thumbnail size-post-thumbnail wp-post-image\" alt=\"\" srcset=\"https:\/\/films.bzh\/wp-content\/uploads\/2023\/06\/Capture-decran-2023-06-19-a-18.38.37.png 3456w, https:\/\/films.bzh\/wp-content\/uploads\/2023\/06\/Capture-decran-2023-06-19-a-18.38.37-300x168.png 300w, https:\/\/films.bzh\/wp-content\/uploads\/2023\/06\/Capture-decran-2023-06-19-a-18.38.37-1024x574.png 1024w, https:\/\/films.bzh\/wp-content\/uploads\/2023\/06\/Capture-decran-2023-06-19-a-18.38.37-768x431.png 768w, https:\/\/films.bzh\/wp-content\/uploads\/2023\/06\/Capture-decran-2023-06-19-a-18.38.37-1536x861.png 1536w, https:\/\/films.bzh\/wp-content\/uploads\/2023\/06\/Capture-decran-2023-06-19-a-18.38.37-2048x1148.png 2048w\" sizes=\"auto, (max-width: 3456px) 100vw, 3456px\" \/>                    <div class=\"video-icon\">\n                <a href=\"javascript:;\" class=\"view-video-button\" data-id=\"4050\" data-player=\"none\" data-server=\"vimeo\"><\/a>\n            <\/div>\n                <div class=\"video-meta\">\n            <h3 class=\"video-title\"><a href=\"https:\/\/films.bzh\/index.php\/video\/mourir-quelle-histoire\/\">Mourir quelle histoire !<\/a><\/h3>\n           \n            <div class=\"video-category\">\/ \n             Films institutionnels              <\/div>  \n           \n        <\/div>\n    <\/div>\n<\/div>                                    <div class=\"video-item style_1 films-institutionnels \" onclick=\"void(0)\">\n    <div class=\"video-image\">\n        <img loading=\"lazy\" decoding=\"async\" width=\"2880\" height=\"1622\" src=\"https:\/\/films.bzh\/wp-content\/uploads\/2022\/01\/03-6.Films-Instit-Ecocentre.png\" class=\"attachment-post-thumbnail size-post-thumbnail wp-post-image\" alt=\"\" srcset=\"https:\/\/films.bzh\/wp-content\/uploads\/2022\/01\/03-6.Films-Instit-Ecocentre.png 2880w, https:\/\/films.bzh\/wp-content\/uploads\/2022\/01\/03-6.Films-Instit-Ecocentre-300x169.png 300w, https:\/\/films.bzh\/wp-content\/uploads\/2022\/01\/03-6.Films-Instit-Ecocentre-1024x577.png 1024w, https:\/\/films.bzh\/wp-content\/uploads\/2022\/01\/03-6.Films-Instit-Ecocentre-768x433.png 768w, https:\/\/films.bzh\/wp-content\/uploads\/2022\/01\/03-6.Films-Instit-Ecocentre-1536x865.png 1536w, https:\/\/films.bzh\/wp-content\/uploads\/2022\/01\/03-6.Films-Instit-Ecocentre-2048x1153.png 2048w, https:\/\/films.bzh\/wp-content\/uploads\/2022\/01\/03-6.Films-Instit-Ecocentre-600x338.png 600w\" sizes=\"auto, (max-width: 2880px) 100vw, 2880px\" \/>                    <div class=\"video-icon\">\n                <a href=\"javascript:;\" class=\"view-video-button\" data-id=\"3573\" data-player=\"none\" data-server=\"vimeo\"><\/a>\n            <\/div>\n                <div class=\"video-meta\">\n            <h3 class=\"video-title\"><a href=\"https:\/\/films.bzh\/index.php\/video\/lecocentre-du-tregor\/\">L&#8217;\u00c9cocentre du Tr\u00e9gor<\/a><\/h3>\n           \n            <div class=\"video-category\">\/ \n             Films institutionnels              <\/div>  \n           \n        <\/div>\n    <\/div>\n<\/div>                                    <div class=\"video-item style_1 films-institutionnels \" onclick=\"void(0)\">\n    <div class=\"video-image\">\n        <img loading=\"lazy\" decoding=\"async\" width=\"1920\" height=\"1080\" src=\"https:\/\/films.bzh\/wp-content\/uploads\/2022\/01\/Nyamba.jpg\" class=\"attachment-post-thumbnail size-post-thumbnail wp-post-image\" alt=\"\" srcset=\"https:\/\/films.bzh\/wp-content\/uploads\/2022\/01\/Nyamba.jpg 1920w, https:\/\/films.bzh\/wp-content\/uploads\/2022\/01\/Nyamba-300x169.jpg 300w, https:\/\/films.bzh\/wp-content\/uploads\/2022\/01\/Nyamba-1024x576.jpg 1024w, https:\/\/films.bzh\/wp-content\/uploads\/2022\/01\/Nyamba-768x432.jpg 768w, https:\/\/films.bzh\/wp-content\/uploads\/2022\/01\/Nyamba-1536x864.jpg 1536w, https:\/\/films.bzh\/wp-content\/uploads\/2022\/01\/Nyamba-600x338.jpg 600w\" sizes=\"auto, (max-width: 1920px) 100vw, 1920px\" \/>                    <div class=\"video-icon\">\n                <a href=\"javascript:;\" class=\"view-video-button\" data-id=\"3877\" data-player=\"none\" data-server=\"vimeo\"><\/a>\n            <\/div>\n                <div class=\"video-meta\">\n            <h3 class=\"video-title\"><a href=\"https:\/\/films.bzh\/index.php\/video\/sea-shepherd-operation-nyamba\/\">Sea Shepherd Op\u00e9ration Nyamba<\/a><\/h3>\n           \n            <div class=\"video-category\">\/ \n             Films institutionnels              <\/div>  \n           \n        <\/div>\n    <\/div>\n<\/div>                                    <div class=\"video-item style_1 films-institutionnels \" onclick=\"void(0)\">\n    <div class=\"video-image\">\n        <img loading=\"lazy\" decoding=\"async\" width=\"1920\" height=\"1080\" src=\"https:\/\/films.bzh\/wp-content\/uploads\/2022\/01\/Boxe-educative.jpg\" class=\"attachment-post-thumbnail size-post-thumbnail wp-post-image\" alt=\"\" srcset=\"https:\/\/films.bzh\/wp-content\/uploads\/2022\/01\/Boxe-educative.jpg 1920w, https:\/\/films.bzh\/wp-content\/uploads\/2022\/01\/Boxe-educative-300x169.jpg 300w, https:\/\/films.bzh\/wp-content\/uploads\/2022\/01\/Boxe-educative-1024x576.jpg 1024w, https:\/\/films.bzh\/wp-content\/uploads\/2022\/01\/Boxe-educative-768x432.jpg 768w, https:\/\/films.bzh\/wp-content\/uploads\/2022\/01\/Boxe-educative-1536x864.jpg 1536w, https:\/\/films.bzh\/wp-content\/uploads\/2022\/01\/Boxe-educative-600x338.jpg 600w\" sizes=\"auto, (max-width: 1920px) 100vw, 1920px\" \/>                    <div class=\"video-icon\">\n                <a href=\"javascript:;\" class=\"view-video-button\" data-id=\"3879\" data-player=\"none\" data-server=\"vimeo\"><\/a>\n            <\/div>\n                <div class=\"video-meta\">\n            <h3 class=\"video-title\"><a href=\"https:\/\/films.bzh\/index.php\/video\/boxe-educative\/\">Boxe \u00e9ducative APEES<\/a><\/h3>\n           \n            <div class=\"video-category\">\/ \n             Films institutionnels              <\/div>  \n           \n        <\/div>\n    <\/div>\n<\/div>                                    <div class=\"video-item style_1 films-institutionnels \" onclick=\"void(0)\">\n    <div class=\"video-image\">\n        <img loading=\"lazy\" decoding=\"async\" width=\"1920\" height=\"1080\" src=\"https:\/\/films.bzh\/wp-content\/uploads\/2022\/01\/Meteo-France-CEMS.jpg\" class=\"attachment-post-thumbnail size-post-thumbnail wp-post-image\" alt=\"\" srcset=\"https:\/\/films.bzh\/wp-content\/uploads\/2022\/01\/Meteo-France-CEMS.jpg 1920w, https:\/\/films.bzh\/wp-content\/uploads\/2022\/01\/Meteo-France-CEMS-300x169.jpg 300w, https:\/\/films.bzh\/wp-content\/uploads\/2022\/01\/Meteo-France-CEMS-1024x576.jpg 1024w, https:\/\/films.bzh\/wp-content\/uploads\/2022\/01\/Meteo-France-CEMS-768x432.jpg 768w, https:\/\/films.bzh\/wp-content\/uploads\/2022\/01\/Meteo-France-CEMS-1536x864.jpg 1536w, https:\/\/films.bzh\/wp-content\/uploads\/2022\/01\/Meteo-France-CEMS-600x338.jpg 600w\" sizes=\"auto, (max-width: 1920px) 100vw, 1920px\" \/>                    <div class=\"video-icon\">\n                <a href=\"javascript:;\" class=\"view-video-button\" data-id=\"3881\" data-player=\"none\" data-server=\"vimeo\"><\/a>\n            <\/div>\n                <div class=\"video-meta\">\n            <h3 class=\"video-title\"><a href=\"https:\/\/films.bzh\/index.php\/video\/cems\/\">M\u00e9t\u00e9o France CEMS<\/a><\/h3>\n           \n            <div class=\"video-category\">\/ \n             Films institutionnels              <\/div>  \n           \n        <\/div>\n    <\/div>\n<\/div>                            <\/div>\n        <\/div>\n    <\/div>\n            <div class=\"video-shortcode-paging-wrapper paging-load-more\">\n             \n                <button data-href=\"https:\/\/films.bzh\/index.php\/wp-json\/wp\/v2\/pages\/3492\/page\/2\/\" type=\"button\"  data-loading-text=\"<span class='fa fa-spinner fa-spin'><\/span> Loading...\" class=\"video-load-more\">\n                    View More                <\/button>\n                <\/div>\n            <\/div>  \n\n        [\/vc_column_inner][\/vc_row_inner][\/vc_column][\/vc_row]<\/p>\n","protected":false},"excerpt":{"rendered":"<p>[vc_row full_width=&#8221;stretch_row_content_no_spaces&#8221; css=&#8221;.vc_custom_1534302883914{padding-bottom: 8% !important;}&#8221;][vc_column][vc_row_inner][vc_column_inner][\/vc_column_inner][\/vc_row_inner][\/vc_column][\/vc_row]<\/p>\n","protected":false},"author":1,"featured_media":0,"parent":0,"menu_order":0,"comment_status":"closed","ping_status":"closed","template":"","meta":{"footnotes":""},"class_list":["post-3492","page","type-page","status-publish","hentry","clearfix"],"yoast_head":"<!-- This site is optimized with the Yoast SEO plugin v27.3 - https:\/\/yoast.com\/product\/yoast-seo-wordpress\/ -->\n<title>Films institutionnels - Julie Grosset\u00eate<\/title>\n<meta name=\"robots\" content=\"index, follow, max-snippet:-1, max-image-preview:large, max-video-preview:-1\" \/>\n<link rel=\"canonical\" href=\"https:\/\/films.bzh\/index.php\/films-institutionnels\/\" \/>\n<meta property=\"og:locale\" content=\"fr_FR\" \/>\n<meta property=\"og:type\" content=\"article\" \/>\n<meta property=\"og:title\" content=\"Films institutionnels - Julie Grosset\u00eate\" \/>\n<meta property=\"og:description\" content=\"[vc_row full_width=&#8221;stretch_row_content_no_spaces&#8221; css=&#8221;.vc_custom_1534302883914{padding-bottom: 8% !important;}&#8221;][vc_column][vc_row_inner][vc_column_inner][\/vc_column_inner][\/vc_row_inner][\/vc_column][\/vc_row]\" \/>\n<meta property=\"og:url\" content=\"https:\/\/films.bzh\/index.php\/films-institutionnels\/\" \/>\n<meta property=\"og:site_name\" content=\"Julie Grosset\u00eate\" \/>\n<meta property=\"article:modified_time\" content=\"2023-06-19T16:45:24+00:00\" \/>\n<meta name=\"twitter:card\" content=\"summary_large_image\" \/>\n<meta name=\"twitter:label1\" content=\"Dur\u00e9e de lecture estim\u00e9e\" \/>\n\t<meta name=\"twitter:data1\" content=\"1 minute\" \/>\n<script type=\"application\/ld+json\" class=\"yoast-schema-graph\">{\"@context\":\"https:\\\/\\\/schema.org\",\"@graph\":[{\"@type\":\"WebPage\",\"@id\":\"https:\\\/\\\/films.bzh\\\/index.php\\\/films-institutionnels\\\/\",\"url\":\"https:\\\/\\\/films.bzh\\\/index.php\\\/films-institutionnels\\\/\",\"name\":\"Films institutionnels - Julie Grosset\u00eate\",\"isPartOf\":{\"@id\":\"https:\\\/\\\/films.bzh\\\/#website\"},\"datePublished\":\"2022-01-12T11:17:14+00:00\",\"dateModified\":\"2023-06-19T16:45:24+00:00\",\"breadcrumb\":{\"@id\":\"https:\\\/\\\/films.bzh\\\/index.php\\\/films-institutionnels\\\/#breadcrumb\"},\"inLanguage\":\"fr-FR\",\"potentialAction\":[{\"@type\":\"ReadAction\",\"target\":[\"https:\\\/\\\/films.bzh\\\/index.php\\\/films-institutionnels\\\/\"]}]},{\"@type\":\"BreadcrumbList\",\"@id\":\"https:\\\/\\\/films.bzh\\\/index.php\\\/films-institutionnels\\\/#breadcrumb\",\"itemListElement\":[{\"@type\":\"ListItem\",\"position\":1,\"name\":\"Accueil\",\"item\":\"https:\\\/\\\/films.bzh\\\/\"},{\"@type\":\"ListItem\",\"position\":2,\"name\":\"Films institutionnels\"}]},{\"@type\":\"WebSite\",\"@id\":\"https:\\\/\\\/films.bzh\\\/#website\",\"url\":\"https:\\\/\\\/films.bzh\\\/\",\"name\":\"Julie Grosset\u00eate\",\"description\":\"R\u00e9alisatrice\",\"potentialAction\":[{\"@type\":\"SearchAction\",\"target\":{\"@type\":\"EntryPoint\",\"urlTemplate\":\"https:\\\/\\\/films.bzh\\\/?s={search_term_string}\"},\"query-input\":{\"@type\":\"PropertyValueSpecification\",\"valueRequired\":true,\"valueName\":\"search_term_string\"}}],\"inLanguage\":\"fr-FR\"}]}<\/script>\n<!-- \/ Yoast SEO plugin. -->","yoast_head_json":{"title":"Films institutionnels - Julie Grosset\u00eate","robots":{"index":"index","follow":"follow","max-snippet":"max-snippet:-1","max-image-preview":"max-image-preview:large","max-video-preview":"max-video-preview:-1"},"canonical":"https:\/\/films.bzh\/index.php\/films-institutionnels\/","og_locale":"fr_FR","og_type":"article","og_title":"Films institutionnels - Julie Grosset\u00eate","og_description":"[vc_row full_width=&#8221;stretch_row_content_no_spaces&#8221; css=&#8221;.vc_custom_1534302883914{padding-bottom: 8% !important;}&#8221;][vc_column][vc_row_inner][vc_column_inner][\/vc_column_inner][\/vc_row_inner][\/vc_column][\/vc_row]","og_url":"https:\/\/films.bzh\/index.php\/films-institutionnels\/","og_site_name":"Julie Grosset\u00eate","article_modified_time":"2023-06-19T16:45:24+00:00","twitter_card":"summary_large_image","twitter_misc":{"Dur\u00e9e de lecture estim\u00e9e":"1 minute"},"schema":{"@context":"https:\/\/schema.org","@graph":[{"@type":"WebPage","@id":"https:\/\/films.bzh\/index.php\/films-institutionnels\/","url":"https:\/\/films.bzh\/index.php\/films-institutionnels\/","name":"Films institutionnels - Julie Grosset\u00eate","isPartOf":{"@id":"https:\/\/films.bzh\/#website"},"datePublished":"2022-01-12T11:17:14+00:00","dateModified":"2023-06-19T16:45:24+00:00","breadcrumb":{"@id":"https:\/\/films.bzh\/index.php\/films-institutionnels\/#breadcrumb"},"inLanguage":"fr-FR","potentialAction":[{"@type":"ReadAction","target":["https:\/\/films.bzh\/index.php\/films-institutionnels\/"]}]},{"@type":"BreadcrumbList","@id":"https:\/\/films.bzh\/index.php\/films-institutionnels\/#breadcrumb","itemListElement":[{"@type":"ListItem","position":1,"name":"Accueil","item":"https:\/\/films.bzh\/"},{"@type":"ListItem","position":2,"name":"Films institutionnels"}]},{"@type":"WebSite","@id":"https:\/\/films.bzh\/#website","url":"https:\/\/films.bzh\/","name":"Julie Grosset\u00eate","description":"R\u00e9alisatrice","potentialAction":[{"@type":"SearchAction","target":{"@type":"EntryPoint","urlTemplate":"https:\/\/films.bzh\/?s={search_term_string}"},"query-input":{"@type":"PropertyValueSpecification","valueRequired":true,"valueName":"search_term_string"}}],"inLanguage":"fr-FR"}]}},"_links":{"self":[{"href":"https:\/\/films.bzh\/index.php\/wp-json\/wp\/v2\/pages\/3492","targetHints":{"allow":["GET"]}}],"collection":[{"href":"https:\/\/films.bzh\/index.php\/wp-json\/wp\/v2\/pages"}],"about":[{"href":"https:\/\/films.bzh\/index.php\/wp-json\/wp\/v2\/types\/page"}],"author":[{"embeddable":true,"href":"https:\/\/films.bzh\/index.php\/wp-json\/wp\/v2\/users\/1"}],"replies":[{"embeddable":true,"href":"https:\/\/films.bzh\/index.php\/wp-json\/wp\/v2\/comments?post=3492"}],"version-history":[{"count":4,"href":"https:\/\/films.bzh\/index.php\/wp-json\/wp\/v2\/pages\/3492\/revisions"}],"predecessor-version":[{"id":4054,"href":"https:\/\/films.bzh\/index.php\/wp-json\/wp\/v2\/pages\/3492\/revisions\/4054"}],"wp:attachment":[{"href":"https:\/\/films.bzh\/index.php\/wp-json\/wp\/v2\/media?parent=3492"}],"curies":[{"name":"wp","href":"https:\/\/api.w.org\/{rel}","templated":true}]}}