{"id":3484,"date":"2022-01-12T11:48:38","date_gmt":"2022-01-12T10:48:38","guid":{"rendered":"http:\/\/filmsbq.cluster031.hosting.ovh.net\/?page_id=3484"},"modified":"2025-03-14T15:46:42","modified_gmt":"2025-03-14T14:46:42","slug":"films-persos","status":"publish","type":"page","link":"https:\/\/films.bzh\/index.php\/films-persos\/","title":{"rendered":"Films personnels"},"content":{"rendered":"<p>[vc_row full_width=&#8221;stretch_row_content_no_spaces&#8221; css=&#8221;.vc_custom_1534302883914{padding-bottom: 8% !important;}&#8221;][vc_column][vc_row_inner][vc_column_inner]  \n        <div class=\" \">\n                <div class=\"video-shortcode-wrapper grid \">\n        <div class=\"video-content\">\n                       <!--  <ul data-option-key=\"filter\" class=\"video-filter style_1 align_center\">\n                <li>\n                    <a class=\"\"\n                        href=\"javascript:;\" \n                        data-option-value=\"*\"\n                    >All<\/a>\n                <\/li>\n                                <li>\n                    <a class=\"\"\n                        href=\"javascript:;\" \n                        data-option-value =\".films-persos\"\n                    >Films personnels<\/a>\n                <\/li>\n                            <\/ul> -->\n                        <ul data-option-key=\"filter\" class=\"video-filter style_1 align_center\"><li><a class=\"\" href=\";\" data-option-value=\"*\">All<\/a><\/li><li class=\"hide\"><a href=\"#\" data-option-value=\".arts-et-spectacles\" title=\"Arts et spectacles\">Arts et spectacles<\/a><\/li><li class=\"hide\"><a href=\"#\" data-option-value=\".films-dateliers\" title=\"Films d&#039;ateliers\">Films d&#039;ateliers<\/a><\/li><li class=\"hide\"><a href=\"#\" data-option-value=\".films-institutionnels\" title=\"Films institutionnels\">Films institutionnels<\/a><\/li><li><a href=\"#\" data-option-value=\".films-persos\" title=\"Films personnels\">Films personnels<\/a><\/li><li class=\"hide\"><a href=\"#\" data-option-value=\".making-of-teasers\" title=\"Making of - Teasers\">Making of - Teasers<\/a><\/li><li class=\"hide\"><a href=\"#\" data-option-value=\".portraits\" title=\"Portraits\">Portraits<\/a><\/li><\/ul>\n            <div class=\"video-list columns-3 style_1\">\n                                    <div class=\"video-item style_1 films-persos \" onclick=\"void(0)\">\n    <div class=\"video-image\">\n        <img loading=\"lazy\" decoding=\"async\" width=\"1920\" height=\"1080\" src=\"https:\/\/films.bzh\/wp-content\/uploads\/2025\/03\/Regard-tete-HD-169.jpg\" class=\"attachment-post-thumbnail size-post-thumbnail wp-post-image\" alt=\"\" srcset=\"https:\/\/films.bzh\/wp-content\/uploads\/2025\/03\/Regard-tete-HD-169.jpg 1920w, https:\/\/films.bzh\/wp-content\/uploads\/2025\/03\/Regard-tete-HD-169-300x169.jpg 300w, https:\/\/films.bzh\/wp-content\/uploads\/2025\/03\/Regard-tete-HD-169-1024x576.jpg 1024w, https:\/\/films.bzh\/wp-content\/uploads\/2025\/03\/Regard-tete-HD-169-768x432.jpg 768w, https:\/\/films.bzh\/wp-content\/uploads\/2025\/03\/Regard-tete-HD-169-1536x864.jpg 1536w\" sizes=\"auto, (max-width: 1920px) 100vw, 1920px\" \/>                    <div class=\"video-icon\">\n                <a href=\"javascript:;\" class=\"view-video-button\" data-id=\"4112\" data-player=\"none\" data-server=\"vimeo\"><\/a>\n            <\/div>\n                <div class=\"video-meta\">\n            <h3 class=\"video-title\"><a href=\"https:\/\/films.bzh\/index.php\/video\/mon-nom-et-moi\/\">Mon nom et moi<\/a><\/h3>\n           \n            <div class=\"video-category\">\/ \n             Films personnels              <\/div>  \n           \n        <\/div>\n    <\/div>\n<\/div>                                    <div class=\"video-item style_1 films-persos \" onclick=\"void(0)\">\n    <div class=\"video-image\">\n        <img loading=\"lazy\" decoding=\"async\" width=\"1920\" height=\"1080\" src=\"https:\/\/films.bzh\/wp-content\/uploads\/2022\/01\/sel-cendres-2.jpg\" class=\"attachment-post-thumbnail size-post-thumbnail wp-post-image\" alt=\"\" srcset=\"https:\/\/films.bzh\/wp-content\/uploads\/2022\/01\/sel-cendres-2.jpg 1920w, https:\/\/films.bzh\/wp-content\/uploads\/2022\/01\/sel-cendres-2-300x169.jpg 300w, https:\/\/films.bzh\/wp-content\/uploads\/2022\/01\/sel-cendres-2-1024x576.jpg 1024w, https:\/\/films.bzh\/wp-content\/uploads\/2022\/01\/sel-cendres-2-768x432.jpg 768w, https:\/\/films.bzh\/wp-content\/uploads\/2022\/01\/sel-cendres-2-1536x864.jpg 1536w, https:\/\/films.bzh\/wp-content\/uploads\/2022\/01\/sel-cendres-2-600x338.jpg 600w\" sizes=\"auto, (max-width: 1920px) 100vw, 1920px\" \/>                    <div class=\"video-icon\">\n                <a href=\"javascript:;\" class=\"view-video-button\" data-id=\"3825\" data-player=\"none\" data-server=\"vimeo\"><\/a>\n            <\/div>\n                <div class=\"video-meta\">\n            <h3 class=\"video-title\"><a href=\"https:\/\/films.bzh\/index.php\/video\/de-sel-de-cendres-et-de-souvenirs\/\">De sel, de cendres et de souvenirs<\/a><\/h3>\n           \n            <div class=\"video-category\">\/ \n             Films personnels              <\/div>  \n           \n        <\/div>\n    <\/div>\n<\/div>                                    <div class=\"video-item style_1 films-persos \" onclick=\"void(0)\">\n    <div class=\"video-image\">\n        <img loading=\"lazy\" decoding=\"async\" width=\"2310\" height=\"1296\" src=\"https:\/\/films.bzh\/wp-content\/uploads\/2023\/12\/AFFICHE-NOS-AINE.E.S-1920-2.jpeg\" class=\"attachment-post-thumbnail size-post-thumbnail wp-post-image\" alt=\"\" srcset=\"https:\/\/films.bzh\/wp-content\/uploads\/2023\/12\/AFFICHE-NOS-AINE.E.S-1920-2.jpeg 2310w, https:\/\/films.bzh\/wp-content\/uploads\/2023\/12\/AFFICHE-NOS-AINE.E.S-1920-2-300x168.jpeg 300w, https:\/\/films.bzh\/wp-content\/uploads\/2023\/12\/AFFICHE-NOS-AINE.E.S-1920-2-1024x575.jpeg 1024w, https:\/\/films.bzh\/wp-content\/uploads\/2023\/12\/AFFICHE-NOS-AINE.E.S-1920-2-768x431.jpeg 768w, https:\/\/films.bzh\/wp-content\/uploads\/2023\/12\/AFFICHE-NOS-AINE.E.S-1920-2-1536x862.jpeg 1536w, https:\/\/films.bzh\/wp-content\/uploads\/2023\/12\/AFFICHE-NOS-AINE.E.S-1920-2-2048x1149.jpeg 2048w\" sizes=\"auto, (max-width: 2310px) 100vw, 2310px\" \/>                    <div class=\"video-icon\">\n                <a href=\"javascript:;\" class=\"view-video-button\" data-id=\"4086\" data-player=\"none\" data-server=\"vimeo\"><\/a>\n            <\/div>\n                <div class=\"video-meta\">\n            <h3 class=\"video-title\"><a href=\"https:\/\/films.bzh\/index.php\/video\/nos-aine-e-s\/\">Portraits de Nos a\u00een\u00e9.e.s<\/a><\/h3>\n           \n            <div class=\"video-category\">\/ \n             Films personnels              <\/div>  \n           \n        <\/div>\n    <\/div>\n<\/div>                                    <div class=\"video-item style_1 films-persos \" onclick=\"void(0)\">\n    <div class=\"video-image\">\n        <img loading=\"lazy\" decoding=\"async\" width=\"1350\" height=\"759\" src=\"https:\/\/films.bzh\/wp-content\/uploads\/2022\/01\/EnChantier_16-9.png\" class=\"attachment-post-thumbnail size-post-thumbnail wp-post-image\" alt=\"\" srcset=\"https:\/\/films.bzh\/wp-content\/uploads\/2022\/01\/EnChantier_16-9.png 1350w, https:\/\/films.bzh\/wp-content\/uploads\/2022\/01\/EnChantier_16-9-300x169.png 300w, https:\/\/films.bzh\/wp-content\/uploads\/2022\/01\/EnChantier_16-9-1024x576.png 1024w, https:\/\/films.bzh\/wp-content\/uploads\/2022\/01\/EnChantier_16-9-768x432.png 768w, https:\/\/films.bzh\/wp-content\/uploads\/2022\/01\/EnChantier_16-9-600x337.png 600w\" sizes=\"auto, (max-width: 1350px) 100vw, 1350px\" \/>                    <div class=\"video-icon\">\n                <a href=\"javascript:;\" class=\"view-video-button\" data-id=\"3466\" data-player=\"none\" data-server=\"vimeo\"><\/a>\n            <\/div>\n                <div class=\"video-meta\">\n            <h3 class=\"video-title\"><a href=\"https:\/\/films.bzh\/index.php\/video\/en-chantier\/\">En chantier<\/a><\/h3>\n           \n            <div class=\"video-category\">\/ \n             Films personnels              <\/div>  \n           \n        <\/div>\n    <\/div>\n<\/div>                                    <div class=\"video-item style_1 films-persos \" onclick=\"void(0)\">\n    <div class=\"video-image\">\n        <img loading=\"lazy\" decoding=\"async\" width=\"1920\" height=\"1080\" src=\"https:\/\/films.bzh\/wp-content\/uploads\/2022\/01\/Un-Chemin-Vimeo-thumbnail.jpg\" class=\"attachment-post-thumbnail size-post-thumbnail wp-post-image\" alt=\"\" srcset=\"https:\/\/films.bzh\/wp-content\/uploads\/2022\/01\/Un-Chemin-Vimeo-thumbnail.jpg 1920w, https:\/\/films.bzh\/wp-content\/uploads\/2022\/01\/Un-Chemin-Vimeo-thumbnail-300x169.jpg 300w, https:\/\/films.bzh\/wp-content\/uploads\/2022\/01\/Un-Chemin-Vimeo-thumbnail-1024x576.jpg 1024w, https:\/\/films.bzh\/wp-content\/uploads\/2022\/01\/Un-Chemin-Vimeo-thumbnail-768x432.jpg 768w, https:\/\/films.bzh\/wp-content\/uploads\/2022\/01\/Un-Chemin-Vimeo-thumbnail-1536x864.jpg 1536w, https:\/\/films.bzh\/wp-content\/uploads\/2022\/01\/Un-Chemin-Vimeo-thumbnail-600x338.jpg 600w\" sizes=\"auto, (max-width: 1920px) 100vw, 1920px\" \/>                    <div class=\"video-icon\">\n                <a href=\"javascript:;\" class=\"view-video-button\" data-id=\"3839\" data-player=\"none\" data-server=\"vimeo\"><\/a>\n            <\/div>\n                <div class=\"video-meta\">\n            <h3 class=\"video-title\"><a href=\"https:\/\/films.bzh\/index.php\/video\/un-chemin\/\">Un chemin<\/a><\/h3>\n           \n            <div class=\"video-category\">\/ \n             Films personnels              <\/div>  \n           \n        <\/div>\n    <\/div>\n<\/div>                                    <div class=\"video-item style_1 films-persos \" onclick=\"void(0)\">\n    <div class=\"video-image\">\n        <img loading=\"lazy\" decoding=\"async\" width=\"1920\" height=\"1080\" src=\"https:\/\/films.bzh\/wp-content\/uploads\/2022\/01\/UVS.jpg\" class=\"attachment-post-thumbnail size-post-thumbnail wp-post-image\" alt=\"\" srcset=\"https:\/\/films.bzh\/wp-content\/uploads\/2022\/01\/UVS.jpg 1920w, https:\/\/films.bzh\/wp-content\/uploads\/2022\/01\/UVS-300x169.jpg 300w, https:\/\/films.bzh\/wp-content\/uploads\/2022\/01\/UVS-1024x576.jpg 1024w, https:\/\/films.bzh\/wp-content\/uploads\/2022\/01\/UVS-768x432.jpg 768w, https:\/\/films.bzh\/wp-content\/uploads\/2022\/01\/UVS-1536x864.jpg 1536w, https:\/\/films.bzh\/wp-content\/uploads\/2022\/01\/UVS-600x338.jpg 600w\" sizes=\"auto, (max-width: 1920px) 100vw, 1920px\" \/>                    <div class=\"video-icon\">\n                <a href=\"javascript:;\" class=\"view-video-button\" data-id=\"3837\" data-player=\"none\" data-server=\"vimeo\"><\/a>\n            <\/div>\n                <div class=\"video-meta\">\n            <h3 class=\"video-title\"><a href=\"https:\/\/films.bzh\/index.php\/video\/une-valeur-sure\/\">Une valeur s\u00fbre<\/a><\/h3>\n           \n            <div class=\"video-category\">\/ \n             Films personnels              <\/div>  \n           \n        <\/div>\n    <\/div>\n<\/div>                            <\/div>\n        <\/div>\n    <\/div>\n            <\/div>  \n\n        [\/vc_column_inner][\/vc_row_inner][\/vc_column][\/vc_row]<\/p>\n","protected":false},"excerpt":{"rendered":"<p>[vc_row full_width=&#8221;stretch_row_content_no_spaces&#8221; css=&#8221;.vc_custom_1534302883914{padding-bottom: 8% !important;}&#8221;][vc_column][vc_row_inner][vc_column_inner][\/vc_column_inner][\/vc_row_inner][\/vc_column][\/vc_row]<\/p>\n","protected":false},"author":1,"featured_media":0,"parent":0,"menu_order":0,"comment_status":"closed","ping_status":"closed","template":"","meta":{"footnotes":""},"class_list":["post-3484","page","type-page","status-publish","hentry","clearfix"],"yoast_head":"<!-- This site is optimized with the Yoast SEO plugin v27.4 - https:\/\/yoast.com\/product\/yoast-seo-wordpress\/ -->\n<title>Films personnels - Julie Grosset\u00eate<\/title>\n<meta name=\"robots\" content=\"index, follow, max-snippet:-1, max-image-preview:large, max-video-preview:-1\" \/>\n<link rel=\"canonical\" href=\"https:\/\/films.bzh\/index.php\/films-persos\/\" \/>\n<meta property=\"og:locale\" content=\"fr_FR\" \/>\n<meta property=\"og:type\" content=\"article\" \/>\n<meta property=\"og:title\" content=\"Films personnels - Julie Grosset\u00eate\" \/>\n<meta property=\"og:description\" content=\"[vc_row full_width=&#8221;stretch_row_content_no_spaces&#8221; css=&#8221;.vc_custom_1534302883914{padding-bottom: 8% !important;}&#8221;][vc_column][vc_row_inner][vc_column_inner][\/vc_column_inner][\/vc_row_inner][\/vc_column][\/vc_row]\" \/>\n<meta property=\"og:url\" content=\"https:\/\/films.bzh\/index.php\/films-persos\/\" \/>\n<meta property=\"og:site_name\" content=\"Julie Grosset\u00eate\" \/>\n<meta property=\"article:modified_time\" content=\"2025-03-14T14:46:42+00:00\" \/>\n<meta name=\"twitter:card\" content=\"summary_large_image\" \/>\n<meta name=\"twitter:label1\" content=\"Dur\u00e9e de lecture estim\u00e9e\" \/>\n\t<meta name=\"twitter:data1\" content=\"1 minute\" \/>\n<script type=\"application\/ld+json\" class=\"yoast-schema-graph\">{\"@context\":\"https:\\\/\\\/schema.org\",\"@graph\":[{\"@type\":\"WebPage\",\"@id\":\"https:\\\/\\\/films.bzh\\\/index.php\\\/films-persos\\\/\",\"url\":\"https:\\\/\\\/films.bzh\\\/index.php\\\/films-persos\\\/\",\"name\":\"Films personnels - Julie Grosset\u00eate\",\"isPartOf\":{\"@id\":\"https:\\\/\\\/films.bzh\\\/#website\"},\"datePublished\":\"2022-01-12T10:48:38+00:00\",\"dateModified\":\"2025-03-14T14:46:42+00:00\",\"breadcrumb\":{\"@id\":\"https:\\\/\\\/films.bzh\\\/index.php\\\/films-persos\\\/#breadcrumb\"},\"inLanguage\":\"fr-FR\",\"potentialAction\":[{\"@type\":\"ReadAction\",\"target\":[\"https:\\\/\\\/films.bzh\\\/index.php\\\/films-persos\\\/\"]}]},{\"@type\":\"BreadcrumbList\",\"@id\":\"https:\\\/\\\/films.bzh\\\/index.php\\\/films-persos\\\/#breadcrumb\",\"itemListElement\":[{\"@type\":\"ListItem\",\"position\":1,\"name\":\"Accueil\",\"item\":\"https:\\\/\\\/films.bzh\\\/\"},{\"@type\":\"ListItem\",\"position\":2,\"name\":\"Films personnels\"}]},{\"@type\":\"WebSite\",\"@id\":\"https:\\\/\\\/films.bzh\\\/#website\",\"url\":\"https:\\\/\\\/films.bzh\\\/\",\"name\":\"Julie Grosset\u00eate\",\"description\":\"R\u00e9alisatrice\",\"potentialAction\":[{\"@type\":\"SearchAction\",\"target\":{\"@type\":\"EntryPoint\",\"urlTemplate\":\"https:\\\/\\\/films.bzh\\\/?s={search_term_string}\"},\"query-input\":{\"@type\":\"PropertyValueSpecification\",\"valueRequired\":true,\"valueName\":\"search_term_string\"}}],\"inLanguage\":\"fr-FR\"}]}<\/script>\n<!-- \/ Yoast SEO plugin. -->","yoast_head_json":{"title":"Films personnels - Julie Grosset\u00eate","robots":{"index":"index","follow":"follow","max-snippet":"max-snippet:-1","max-image-preview":"max-image-preview:large","max-video-preview":"max-video-preview:-1"},"canonical":"https:\/\/films.bzh\/index.php\/films-persos\/","og_locale":"fr_FR","og_type":"article","og_title":"Films personnels - Julie Grosset\u00eate","og_description":"[vc_row full_width=&#8221;stretch_row_content_no_spaces&#8221; css=&#8221;.vc_custom_1534302883914{padding-bottom: 8% !important;}&#8221;][vc_column][vc_row_inner][vc_column_inner][\/vc_column_inner][\/vc_row_inner][\/vc_column][\/vc_row]","og_url":"https:\/\/films.bzh\/index.php\/films-persos\/","og_site_name":"Julie Grosset\u00eate","article_modified_time":"2025-03-14T14:46:42+00:00","twitter_card":"summary_large_image","twitter_misc":{"Dur\u00e9e de lecture estim\u00e9e":"1 minute"},"schema":{"@context":"https:\/\/schema.org","@graph":[{"@type":"WebPage","@id":"https:\/\/films.bzh\/index.php\/films-persos\/","url":"https:\/\/films.bzh\/index.php\/films-persos\/","name":"Films personnels - Julie Grosset\u00eate","isPartOf":{"@id":"https:\/\/films.bzh\/#website"},"datePublished":"2022-01-12T10:48:38+00:00","dateModified":"2025-03-14T14:46:42+00:00","breadcrumb":{"@id":"https:\/\/films.bzh\/index.php\/films-persos\/#breadcrumb"},"inLanguage":"fr-FR","potentialAction":[{"@type":"ReadAction","target":["https:\/\/films.bzh\/index.php\/films-persos\/"]}]},{"@type":"BreadcrumbList","@id":"https:\/\/films.bzh\/index.php\/films-persos\/#breadcrumb","itemListElement":[{"@type":"ListItem","position":1,"name":"Accueil","item":"https:\/\/films.bzh\/"},{"@type":"ListItem","position":2,"name":"Films personnels"}]},{"@type":"WebSite","@id":"https:\/\/films.bzh\/#website","url":"https:\/\/films.bzh\/","name":"Julie Grosset\u00eate","description":"R\u00e9alisatrice","potentialAction":[{"@type":"SearchAction","target":{"@type":"EntryPoint","urlTemplate":"https:\/\/films.bzh\/?s={search_term_string}"},"query-input":{"@type":"PropertyValueSpecification","valueRequired":true,"valueName":"search_term_string"}}],"inLanguage":"fr-FR"}]}},"_links":{"self":[{"href":"https:\/\/films.bzh\/index.php\/wp-json\/wp\/v2\/pages\/3484","targetHints":{"allow":["GET"]}}],"collection":[{"href":"https:\/\/films.bzh\/index.php\/wp-json\/wp\/v2\/pages"}],"about":[{"href":"https:\/\/films.bzh\/index.php\/wp-json\/wp\/v2\/types\/page"}],"author":[{"embeddable":true,"href":"https:\/\/films.bzh\/index.php\/wp-json\/wp\/v2\/users\/1"}],"replies":[{"embeddable":true,"href":"https:\/\/films.bzh\/index.php\/wp-json\/wp\/v2\/comments?post=3484"}],"version-history":[{"count":9,"href":"https:\/\/films.bzh\/index.php\/wp-json\/wp\/v2\/pages\/3484\/revisions"}],"predecessor-version":[{"id":3858,"href":"https:\/\/films.bzh\/index.php\/wp-json\/wp\/v2\/pages\/3484\/revisions\/3858"}],"wp:attachment":[{"href":"https:\/\/films.bzh\/index.php\/wp-json\/wp\/v2\/media?parent=3484"}],"curies":[{"name":"wp","href":"https:\/\/api.w.org\/{rel}","templated":true}]}}