{"id":3480,"date":"2022-01-12T11:37:28","date_gmt":"2022-01-12T10:37:28","guid":{"rendered":"http:\/\/filmsbq.cluster031.hosting.ovh.net\/?page_id=3480"},"modified":"2023-06-19T18:00:20","modified_gmt":"2023-06-19T16:00:20","slug":"portraits","status":"publish","type":"page","link":"https:\/\/films.bzh\/index.php\/portraits\/","title":{"rendered":"Portraits"},"content":{"rendered":"<p>[vc_row full_width=&#8221;stretch_row_content_no_spaces&#8221; css=&#8221;.vc_custom_1534302883914{padding-bottom: 8% !important;}&#8221;][vc_column][vc_row_inner][vc_column_inner]  \n        <div class=\" \">\n                <div class=\"video-shortcode-wrapper grid \">\n        <div class=\"video-content\">\n                       <!--  <ul data-option-key=\"filter\" class=\"video-filter style_1 align_center\">\n                <li>\n                    <a class=\"\"\n                        href=\"javascript:;\" \n                        data-option-value=\"*\"\n                    >All<\/a>\n                <\/li>\n                                <li>\n                    <a class=\"\"\n                        href=\"javascript:;\" \n                        data-option-value =\".portraits\"\n                    >Portraits<\/a>\n                <\/li>\n                            <\/ul> -->\n                        <ul data-option-key=\"filter\" class=\"video-filter style_1 align_center\"><li><a class=\"\" href=\";\" data-option-value=\"*\">All<\/a><\/li><li class=\"hide\"><a href=\"#\" data-option-value=\".arts-et-spectacles\" title=\"Arts et spectacles\">Arts et spectacles<\/a><\/li><li class=\"hide\"><a href=\"#\" data-option-value=\".films-dateliers\" title=\"Films d&#039;ateliers\">Films d&#039;ateliers<\/a><\/li><li class=\"hide\"><a href=\"#\" data-option-value=\".films-institutionnels\" title=\"Films institutionnels\">Films institutionnels<\/a><\/li><li class=\"hide\"><a href=\"#\" data-option-value=\".films-persos\" title=\"Films personnels\">Films personnels<\/a><\/li><li class=\"hide\"><a href=\"#\" data-option-value=\".making-of-teasers\" title=\"Making of - Teasers\">Making of - Teasers<\/a><\/li><li><a href=\"#\" data-option-value=\".portraits\" title=\"Portraits\">Portraits<\/a><\/li><\/ul>\n            <div class=\"video-list columns-3 style_1\">\n                                    <div class=\"video-item style_1 portraits \" onclick=\"void(0)\">\n    <div class=\"video-image\">\n        <img loading=\"lazy\" decoding=\"async\" width=\"2560\" height=\"1440\" src=\"https:\/\/films.bzh\/wp-content\/uploads\/2026\/04\/Champs-scaled.jpg\" class=\"attachment-post-thumbnail size-post-thumbnail wp-post-image\" alt=\"\" srcset=\"https:\/\/films.bzh\/wp-content\/uploads\/2026\/04\/Champs-scaled.jpg 2560w, https:\/\/films.bzh\/wp-content\/uploads\/2026\/04\/Champs-300x169.jpg 300w, https:\/\/films.bzh\/wp-content\/uploads\/2026\/04\/Champs-1024x576.jpg 1024w, https:\/\/films.bzh\/wp-content\/uploads\/2026\/04\/Champs-768x432.jpg 768w, https:\/\/films.bzh\/wp-content\/uploads\/2026\/04\/Champs-1536x864.jpg 1536w, https:\/\/films.bzh\/wp-content\/uploads\/2026\/04\/Champs-2048x1152.jpg 2048w\" sizes=\"auto, (max-width: 2560px) 100vw, 2560px\" \/>                    <div class=\"video-icon\">\n                <a href=\"javascript:;\" class=\"view-video-button\" data-id=\"4180\" data-player=\"none\" data-server=\"vimeo\"><\/a>\n            <\/div>\n                <div class=\"video-meta\">\n            <h3 class=\"video-title\"><a href=\"https:\/\/films.bzh\/index.php\/video\/femmes-de-la-terre\/\">Femmes de la terre<\/a><\/h3>\n           \n            <div class=\"video-category\">\/ \n             Portraits              <\/div>  \n           \n        <\/div>\n    <\/div>\n<\/div>                                    <div class=\"video-item style_1 portraits \" onclick=\"void(0)\">\n    <div class=\"video-image\">\n        <img loading=\"lazy\" decoding=\"async\" width=\"2560\" height=\"1442\" src=\"https:\/\/films.bzh\/wp-content\/uploads\/2025\/03\/P1577321-scaled.jpg\" class=\"attachment-post-thumbnail size-post-thumbnail wp-post-image\" alt=\"\" srcset=\"https:\/\/films.bzh\/wp-content\/uploads\/2025\/03\/P1577321-scaled.jpg 2560w, https:\/\/films.bzh\/wp-content\/uploads\/2025\/03\/P1577321-300x169.jpg 300w, https:\/\/films.bzh\/wp-content\/uploads\/2025\/03\/P1577321-1024x577.jpg 1024w, https:\/\/films.bzh\/wp-content\/uploads\/2025\/03\/P1577321-768x433.jpg 768w, https:\/\/films.bzh\/wp-content\/uploads\/2025\/03\/P1577321-1536x865.jpg 1536w, https:\/\/films.bzh\/wp-content\/uploads\/2025\/03\/P1577321-2048x1154.jpg 2048w\" sizes=\"auto, (max-width: 2560px) 100vw, 2560px\" \/>                    <div class=\"video-icon\">\n                <a href=\"javascript:;\" class=\"view-video-button\" data-id=\"4129\" data-player=\"none\" data-server=\"vimeo\"><\/a>\n            <\/div>\n                <div class=\"video-meta\">\n            <h3 class=\"video-title\"><a href=\"https:\/\/films.bzh\/index.php\/video\/pascal-le-pennec\/\">Pascal Le Pennec, Notes \u00e0 notes<\/a><\/h3>\n           \n            <div class=\"video-category\">\/ \n             Portraits              <\/div>  \n           \n        <\/div>\n    <\/div>\n<\/div>                                    <div class=\"video-item style_1 portraits \" onclick=\"void(0)\">\n    <div class=\"video-image\">\n        <img loading=\"lazy\" decoding=\"async\" width=\"3456\" height=\"1943\" src=\"https:\/\/films.bzh\/wp-content\/uploads\/2022\/11\/Capture-decran-2022-11-08-a-14.56.46.png\" class=\"attachment-post-thumbnail size-post-thumbnail wp-post-image\" alt=\"\" srcset=\"https:\/\/films.bzh\/wp-content\/uploads\/2022\/11\/Capture-decran-2022-11-08-a-14.56.46.png 3456w, https:\/\/films.bzh\/wp-content\/uploads\/2022\/11\/Capture-decran-2022-11-08-a-14.56.46-300x169.png 300w, https:\/\/films.bzh\/wp-content\/uploads\/2022\/11\/Capture-decran-2022-11-08-a-14.56.46-1024x576.png 1024w, https:\/\/films.bzh\/wp-content\/uploads\/2022\/11\/Capture-decran-2022-11-08-a-14.56.46-768x432.png 768w, https:\/\/films.bzh\/wp-content\/uploads\/2022\/11\/Capture-decran-2022-11-08-a-14.56.46-1536x864.png 1536w, https:\/\/films.bzh\/wp-content\/uploads\/2022\/11\/Capture-decran-2022-11-08-a-14.56.46-2048x1151.png 2048w\" sizes=\"auto, (max-width: 3456px) 100vw, 3456px\" \/>                    <div class=\"video-icon\">\n                <a href=\"javascript:;\" class=\"view-video-button\" data-id=\"4029\" data-player=\"none\" data-server=\"vimeo\"><\/a>\n            <\/div>\n                <div class=\"video-meta\">\n            <h3 class=\"video-title\"><a href=\"https:\/\/films.bzh\/index.php\/video\/les-portraits-de-meduse\/\">Les portraits de m\u00e9duse<\/a><\/h3>\n           \n            <div class=\"video-category\">\/ \n             Portraits              <\/div>  \n           \n        <\/div>\n    <\/div>\n<\/div>                                    <div class=\"video-item style_1 portraits \" onclick=\"void(0)\">\n    <div class=\"video-image\">\n        <img loading=\"lazy\" decoding=\"async\" width=\"1920\" height=\"1080\" src=\"https:\/\/films.bzh\/wp-content\/uploads\/2022\/09\/Francoise.1.jpg\" class=\"attachment-post-thumbnail size-post-thumbnail wp-post-image\" alt=\"\" srcset=\"https:\/\/films.bzh\/wp-content\/uploads\/2022\/09\/Francoise.1.jpg 1920w, https:\/\/films.bzh\/wp-content\/uploads\/2022\/09\/Francoise.1-300x169.jpg 300w, https:\/\/films.bzh\/wp-content\/uploads\/2022\/09\/Francoise.1-1024x576.jpg 1024w, https:\/\/films.bzh\/wp-content\/uploads\/2022\/09\/Francoise.1-768x432.jpg 768w, https:\/\/films.bzh\/wp-content\/uploads\/2022\/09\/Francoise.1-1536x864.jpg 1536w, https:\/\/films.bzh\/wp-content\/uploads\/2022\/09\/Francoise.1-600x338.jpg 600w\" sizes=\"auto, (max-width: 1920px) 100vw, 1920px\" \/>                    <div class=\"video-icon\">\n                <a href=\"javascript:;\" class=\"view-video-button\" data-id=\"4003\" data-player=\"none\" data-server=\"vimeo\"><\/a>\n            <\/div>\n                <div class=\"video-meta\">\n            <h3 class=\"video-title\"><a href=\"https:\/\/films.bzh\/index.php\/video\/se-redecouvrir\/\">Se red\u00e9couvrir \u00e0 92 ans<\/a><\/h3>\n           \n            <div class=\"video-category\">\/ \n             Portraits              <\/div>  \n           \n        <\/div>\n    <\/div>\n<\/div>                                    <div class=\"video-item style_1 portraits \" onclick=\"void(0)\">\n    <div class=\"video-image\">\n        <img loading=\"lazy\" decoding=\"async\" width=\"1920\" height=\"1080\" src=\"https:\/\/films.bzh\/wp-content\/uploads\/2022\/09\/Louis-site.png\" class=\"attachment-post-thumbnail size-post-thumbnail wp-post-image\" alt=\"\" srcset=\"https:\/\/films.bzh\/wp-content\/uploads\/2022\/09\/Louis-site.png 1920w, https:\/\/films.bzh\/wp-content\/uploads\/2022\/09\/Louis-site-300x169.png 300w, https:\/\/films.bzh\/wp-content\/uploads\/2022\/09\/Louis-site-1024x576.png 1024w, https:\/\/films.bzh\/wp-content\/uploads\/2022\/09\/Louis-site-768x432.png 768w, https:\/\/films.bzh\/wp-content\/uploads\/2022\/09\/Louis-site-1536x864.png 1536w, https:\/\/films.bzh\/wp-content\/uploads\/2022\/09\/Louis-site-600x338.png 600w\" sizes=\"auto, (max-width: 1920px) 100vw, 1920px\" \/>                    <div class=\"video-icon\">\n                <a href=\"javascript:;\" class=\"view-video-button\" data-id=\"4002\" data-player=\"none\" data-server=\"vimeo\"><\/a>\n            <\/div>\n                <div class=\"video-meta\">\n            <h3 class=\"video-title\"><a href=\"https:\/\/films.bzh\/index.php\/video\/louis-la-brocante\/\">Louis la brocante<\/a><\/h3>\n           \n            <div class=\"video-category\">\/ \n             Portraits              <\/div>  \n           \n        <\/div>\n    <\/div>\n<\/div>                                    <div class=\"video-item style_1 portraits \" onclick=\"void(0)\">\n    <div class=\"video-image\">\n        <img loading=\"lazy\" decoding=\"async\" width=\"1920\" height=\"1080\" src=\"https:\/\/films.bzh\/wp-content\/uploads\/2022\/09\/Brigitte-site-1.png\" class=\"attachment-post-thumbnail size-post-thumbnail wp-post-image\" alt=\"\" srcset=\"https:\/\/films.bzh\/wp-content\/uploads\/2022\/09\/Brigitte-site-1.png 1920w, https:\/\/films.bzh\/wp-content\/uploads\/2022\/09\/Brigitte-site-1-300x169.png 300w, https:\/\/films.bzh\/wp-content\/uploads\/2022\/09\/Brigitte-site-1-1024x576.png 1024w, https:\/\/films.bzh\/wp-content\/uploads\/2022\/09\/Brigitte-site-1-768x432.png 768w, https:\/\/films.bzh\/wp-content\/uploads\/2022\/09\/Brigitte-site-1-1536x864.png 1536w, https:\/\/films.bzh\/wp-content\/uploads\/2022\/09\/Brigitte-site-1-600x338.png 600w\" sizes=\"auto, (max-width: 1920px) 100vw, 1920px\" \/>                    <div class=\"video-icon\">\n                <a href=\"javascript:;\" class=\"view-video-button\" data-id=\"4000\" data-player=\"none\" data-server=\"vimeo\"><\/a>\n            <\/div>\n                <div class=\"video-meta\">\n            <h3 class=\"video-title\"><a href=\"https:\/\/films.bzh\/index.php\/video\/entre-terre-et-mere\/\">Entre terre et m\u00e8re<\/a><\/h3>\n           \n            <div class=\"video-category\">\/ \n             Portraits              <\/div>  \n           \n        <\/div>\n    <\/div>\n<\/div>                                    <div class=\"video-item style_1 portraits \" onclick=\"void(0)\">\n    <div class=\"video-image\">\n        <img loading=\"lazy\" decoding=\"async\" width=\"1920\" height=\"1080\" src=\"https:\/\/films.bzh\/wp-content\/uploads\/2022\/09\/Jojo-site-1.png\" class=\"attachment-post-thumbnail size-post-thumbnail wp-post-image\" alt=\"\" srcset=\"https:\/\/films.bzh\/wp-content\/uploads\/2022\/09\/Jojo-site-1.png 1920w, https:\/\/films.bzh\/wp-content\/uploads\/2022\/09\/Jojo-site-1-300x169.png 300w, https:\/\/films.bzh\/wp-content\/uploads\/2022\/09\/Jojo-site-1-1024x576.png 1024w, https:\/\/films.bzh\/wp-content\/uploads\/2022\/09\/Jojo-site-1-768x432.png 768w, https:\/\/films.bzh\/wp-content\/uploads\/2022\/09\/Jojo-site-1-1536x864.png 1536w, https:\/\/films.bzh\/wp-content\/uploads\/2022\/09\/Jojo-site-1-600x338.png 600w\" sizes=\"auto, (max-width: 1920px) 100vw, 1920px\" \/>                    <div class=\"video-icon\">\n                <a href=\"javascript:;\" class=\"view-video-button\" data-id=\"3991\" data-player=\"none\" data-server=\"vimeo\"><\/a>\n            <\/div>\n                <div class=\"video-meta\">\n            <h3 class=\"video-title\"><a href=\"https:\/\/films.bzh\/index.php\/video\/jojo-la-recup\/\">Jojo la r\u00e9cup<\/a><\/h3>\n           \n            <div class=\"video-category\">\/ \n             Portraits              <\/div>  \n           \n        <\/div>\n    <\/div>\n<\/div>                                    <div class=\"video-item style_1 portraits \" onclick=\"void(0)\">\n    <div class=\"video-image\">\n        <img loading=\"lazy\" decoding=\"async\" width=\"1920\" height=\"1080\" src=\"https:\/\/films.bzh\/wp-content\/uploads\/2022\/09\/Lea-site.png\" class=\"attachment-post-thumbnail size-post-thumbnail wp-post-image\" alt=\"\" srcset=\"https:\/\/films.bzh\/wp-content\/uploads\/2022\/09\/Lea-site.png 1920w, https:\/\/films.bzh\/wp-content\/uploads\/2022\/09\/Lea-site-300x169.png 300w, https:\/\/films.bzh\/wp-content\/uploads\/2022\/09\/Lea-site-1024x576.png 1024w, https:\/\/films.bzh\/wp-content\/uploads\/2022\/09\/Lea-site-768x432.png 768w, https:\/\/films.bzh\/wp-content\/uploads\/2022\/09\/Lea-site-1536x864.png 1536w, https:\/\/films.bzh\/wp-content\/uploads\/2022\/09\/Lea-site-600x338.png 600w\" sizes=\"auto, (max-width: 1920px) 100vw, 1920px\" \/>                    <div class=\"video-icon\">\n                <a href=\"javascript:;\" class=\"view-video-button\" data-id=\"3968\" data-player=\"none\" data-server=\"vimeo\"><\/a>\n            <\/div>\n                <div class=\"video-meta\">\n            <h3 class=\"video-title\"><a href=\"https:\/\/films.bzh\/index.php\/video\/chez-lea\/\">Chez L\u00e9a<\/a><\/h3>\n           \n            <div class=\"video-category\">\/ \n             Portraits              <\/div>  \n           \n        <\/div>\n    <\/div>\n<\/div>                                    <div class=\"video-item style_1 portraits \" onclick=\"void(0)\">\n    <div class=\"video-image\">\n        <img loading=\"lazy\" decoding=\"async\" width=\"2880\" height=\"1620\" src=\"https:\/\/films.bzh\/wp-content\/uploads\/2022\/01\/Capture-de\u0301cran-2020-10-14-a\u0300-12.45.44.png\" class=\"attachment-post-thumbnail size-post-thumbnail wp-post-image\" alt=\"\" srcset=\"https:\/\/films.bzh\/wp-content\/uploads\/2022\/01\/Capture-de\u0301cran-2020-10-14-a\u0300-12.45.44.png 2880w, https:\/\/films.bzh\/wp-content\/uploads\/2022\/01\/Capture-de\u0301cran-2020-10-14-a\u0300-12.45.44-300x169.png 300w, https:\/\/films.bzh\/wp-content\/uploads\/2022\/01\/Capture-de\u0301cran-2020-10-14-a\u0300-12.45.44-1024x576.png 1024w, https:\/\/films.bzh\/wp-content\/uploads\/2022\/01\/Capture-de\u0301cran-2020-10-14-a\u0300-12.45.44-768x432.png 768w, https:\/\/films.bzh\/wp-content\/uploads\/2022\/01\/Capture-de\u0301cran-2020-10-14-a\u0300-12.45.44-1536x864.png 1536w, https:\/\/films.bzh\/wp-content\/uploads\/2022\/01\/Capture-de\u0301cran-2020-10-14-a\u0300-12.45.44-2048x1152.png 2048w, https:\/\/films.bzh\/wp-content\/uploads\/2022\/01\/Capture-de\u0301cran-2020-10-14-a\u0300-12.45.44-600x338.png 600w\" sizes=\"auto, (max-width: 2880px) 100vw, 2880px\" \/>                    <div class=\"video-icon\">\n                <a href=\"javascript:;\" class=\"view-video-button\" data-id=\"3557\" data-player=\"none\" data-server=\"vimeo\"><\/a>\n            <\/div>\n                <div class=\"video-meta\">\n            <h3 class=\"video-title\"><a href=\"https:\/\/films.bzh\/index.php\/video\/juste-une-particule\/\">Juste une particule<\/a><\/h3>\n           \n            <div class=\"video-category\">\/ \n             Portraits              <\/div>  \n           \n        <\/div>\n    <\/div>\n<\/div>                            <\/div>\n        <\/div>\n    <\/div>\n            <div class=\"video-shortcode-paging-wrapper paging-load-more\">\n             \n                <button data-href=\"https:\/\/films.bzh\/index.php\/wp-json\/wp\/v2\/pages\/3480\/page\/2\/\" type=\"button\"  data-loading-text=\"<span class='fa fa-spinner fa-spin'><\/span> Loading...\" class=\"video-load-more\">\n                    View More                <\/button>\n                <\/div>\n            <\/div>  \n\n        [\/vc_column_inner][\/vc_row_inner][\/vc_column][\/vc_row]<\/p>\n","protected":false},"excerpt":{"rendered":"<p>[vc_row full_width=&#8221;stretch_row_content_no_spaces&#8221; css=&#8221;.vc_custom_1534302883914{padding-bottom: 8% !important;}&#8221;][vc_column][vc_row_inner][vc_column_inner][\/vc_column_inner][\/vc_row_inner][\/vc_column][\/vc_row]<\/p>\n","protected":false},"author":1,"featured_media":0,"parent":0,"menu_order":0,"comment_status":"closed","ping_status":"closed","template":"","meta":{"footnotes":""},"class_list":["post-3480","page","type-page","status-publish","hentry","clearfix"],"yoast_head":"<!-- This site is optimized with the Yoast SEO plugin v27.5 - https:\/\/yoast.com\/product\/yoast-seo-wordpress\/ -->\n<title>Portraits - Julie Grosset\u00eate<\/title>\n<meta name=\"robots\" content=\"index, follow, max-snippet:-1, max-image-preview:large, max-video-preview:-1\" \/>\n<link rel=\"canonical\" href=\"https:\/\/films.bzh\/index.php\/portraits\/\" \/>\n<meta property=\"og:locale\" content=\"fr_FR\" \/>\n<meta property=\"og:type\" content=\"article\" \/>\n<meta property=\"og:title\" content=\"Portraits - Julie Grosset\u00eate\" \/>\n<meta property=\"og:description\" content=\"[vc_row full_width=&#8221;stretch_row_content_no_spaces&#8221; css=&#8221;.vc_custom_1534302883914{padding-bottom: 8% !important;}&#8221;][vc_column][vc_row_inner][vc_column_inner][\/vc_column_inner][\/vc_row_inner][\/vc_column][\/vc_row]\" \/>\n<meta property=\"og:url\" content=\"https:\/\/films.bzh\/index.php\/portraits\/\" \/>\n<meta property=\"og:site_name\" content=\"Julie Grosset\u00eate\" \/>\n<meta property=\"article:modified_time\" content=\"2023-06-19T16:00:20+00:00\" \/>\n<meta name=\"twitter:card\" content=\"summary_large_image\" \/>\n<meta name=\"twitter:label1\" content=\"Dur\u00e9e de lecture estim\u00e9e\" \/>\n\t<meta name=\"twitter:data1\" content=\"1 minute\" \/>\n<script type=\"application\/ld+json\" class=\"yoast-schema-graph\">{\"@context\":\"https:\\\/\\\/schema.org\",\"@graph\":[{\"@type\":\"WebPage\",\"@id\":\"https:\\\/\\\/films.bzh\\\/index.php\\\/portraits\\\/\",\"url\":\"https:\\\/\\\/films.bzh\\\/index.php\\\/portraits\\\/\",\"name\":\"Portraits - Julie Grosset\u00eate\",\"isPartOf\":{\"@id\":\"https:\\\/\\\/films.bzh\\\/#website\"},\"datePublished\":\"2022-01-12T10:37:28+00:00\",\"dateModified\":\"2023-06-19T16:00:20+00:00\",\"breadcrumb\":{\"@id\":\"https:\\\/\\\/films.bzh\\\/index.php\\\/portraits\\\/#breadcrumb\"},\"inLanguage\":\"fr-FR\",\"potentialAction\":[{\"@type\":\"ReadAction\",\"target\":[\"https:\\\/\\\/films.bzh\\\/index.php\\\/portraits\\\/\"]}]},{\"@type\":\"BreadcrumbList\",\"@id\":\"https:\\\/\\\/films.bzh\\\/index.php\\\/portraits\\\/#breadcrumb\",\"itemListElement\":[{\"@type\":\"ListItem\",\"position\":1,\"name\":\"Accueil\",\"item\":\"https:\\\/\\\/films.bzh\\\/\"},{\"@type\":\"ListItem\",\"position\":2,\"name\":\"Portraits\"}]},{\"@type\":\"WebSite\",\"@id\":\"https:\\\/\\\/films.bzh\\\/#website\",\"url\":\"https:\\\/\\\/films.bzh\\\/\",\"name\":\"Julie Grosset\u00eate\",\"description\":\"R\u00e9alisatrice\",\"potentialAction\":[{\"@type\":\"SearchAction\",\"target\":{\"@type\":\"EntryPoint\",\"urlTemplate\":\"https:\\\/\\\/films.bzh\\\/?s={search_term_string}\"},\"query-input\":{\"@type\":\"PropertyValueSpecification\",\"valueRequired\":true,\"valueName\":\"search_term_string\"}}],\"inLanguage\":\"fr-FR\"}]}<\/script>\n<!-- \/ Yoast SEO plugin. -->","yoast_head_json":{"title":"Portraits - Julie Grosset\u00eate","robots":{"index":"index","follow":"follow","max-snippet":"max-snippet:-1","max-image-preview":"max-image-preview:large","max-video-preview":"max-video-preview:-1"},"canonical":"https:\/\/films.bzh\/index.php\/portraits\/","og_locale":"fr_FR","og_type":"article","og_title":"Portraits - Julie Grosset\u00eate","og_description":"[vc_row full_width=&#8221;stretch_row_content_no_spaces&#8221; css=&#8221;.vc_custom_1534302883914{padding-bottom: 8% !important;}&#8221;][vc_column][vc_row_inner][vc_column_inner][\/vc_column_inner][\/vc_row_inner][\/vc_column][\/vc_row]","og_url":"https:\/\/films.bzh\/index.php\/portraits\/","og_site_name":"Julie Grosset\u00eate","article_modified_time":"2023-06-19T16:00:20+00:00","twitter_card":"summary_large_image","twitter_misc":{"Dur\u00e9e de lecture estim\u00e9e":"1 minute"},"schema":{"@context":"https:\/\/schema.org","@graph":[{"@type":"WebPage","@id":"https:\/\/films.bzh\/index.php\/portraits\/","url":"https:\/\/films.bzh\/index.php\/portraits\/","name":"Portraits - Julie Grosset\u00eate","isPartOf":{"@id":"https:\/\/films.bzh\/#website"},"datePublished":"2022-01-12T10:37:28+00:00","dateModified":"2023-06-19T16:00:20+00:00","breadcrumb":{"@id":"https:\/\/films.bzh\/index.php\/portraits\/#breadcrumb"},"inLanguage":"fr-FR","potentialAction":[{"@type":"ReadAction","target":["https:\/\/films.bzh\/index.php\/portraits\/"]}]},{"@type":"BreadcrumbList","@id":"https:\/\/films.bzh\/index.php\/portraits\/#breadcrumb","itemListElement":[{"@type":"ListItem","position":1,"name":"Accueil","item":"https:\/\/films.bzh\/"},{"@type":"ListItem","position":2,"name":"Portraits"}]},{"@type":"WebSite","@id":"https:\/\/films.bzh\/#website","url":"https:\/\/films.bzh\/","name":"Julie Grosset\u00eate","description":"R\u00e9alisatrice","potentialAction":[{"@type":"SearchAction","target":{"@type":"EntryPoint","urlTemplate":"https:\/\/films.bzh\/?s={search_term_string}"},"query-input":{"@type":"PropertyValueSpecification","valueRequired":true,"valueName":"search_term_string"}}],"inLanguage":"fr-FR"}]}},"_links":{"self":[{"href":"https:\/\/films.bzh\/index.php\/wp-json\/wp\/v2\/pages\/3480","targetHints":{"allow":["GET"]}}],"collection":[{"href":"https:\/\/films.bzh\/index.php\/wp-json\/wp\/v2\/pages"}],"about":[{"href":"https:\/\/films.bzh\/index.php\/wp-json\/wp\/v2\/types\/page"}],"author":[{"embeddable":true,"href":"https:\/\/films.bzh\/index.php\/wp-json\/wp\/v2\/users\/1"}],"replies":[{"embeddable":true,"href":"https:\/\/films.bzh\/index.php\/wp-json\/wp\/v2\/comments?post=3480"}],"version-history":[{"count":8,"href":"https:\/\/films.bzh\/index.php\/wp-json\/wp\/v2\/pages\/3480\/revisions"}],"predecessor-version":[{"id":4046,"href":"https:\/\/films.bzh\/index.php\/wp-json\/wp\/v2\/pages\/3480\/revisions\/4046"}],"wp:attachment":[{"href":"https:\/\/films.bzh\/index.php\/wp-json\/wp\/v2\/media?parent=3480"}],"curies":[{"name":"wp","href":"https:\/\/api.w.org\/{rel}","templated":true}]}}